{"id":971,"date":"2020-10-27T12:35:16","date_gmt":"2020-10-27T11:35:16","guid":{"rendered":"https:\/\/tausendfuessler-obertshausen.de\/?page_id=971"},"modified":"2024-06-07T10:00:54","modified_gmt":"2024-06-07T09:00:54","slug":"kinderkrippe-tausendfuessler-u3","status":"publish","type":"page","link":"https:\/\/tausendfuessler-obertshausen.de\/?page_id=971","title":{"rendered":"Kinderkrippe Tausendf\u00fc\u00dfler U3"},"content":{"rendered":"\n<div class=\"wp-block-columns is-layout-flex wp-container-core-columns-is-layout-9d6595d7 wp-block-columns-is-layout-flex\">\n<div class=\"wp-block-column is-layout-flow wp-block-column-is-layout-flow\" style=\"flex-basis:100%\">\n<h5 class=\"wp-block-heading\">in der Vogelsbergstra\u00dfe 8 in Obertshausen im Neubau &#8222;Familienzentrum&#8220;<\/h5>\n\n\n\n<p><\/p>\n\n\n\n<div class=\"wp-block-columns is-layout-flex wp-container-core-columns-is-layout-9d6595d7 wp-block-columns-is-layout-flex\">\n<div class=\"wp-block-column is-layout-flow wp-block-column-is-layout-flow\" style=\"flex-basis:33.33%\">\n<figure class=\"wp-block-image size-full\"><img loading=\"lazy\" decoding=\"async\" width=\"500\" height=\"205\" src=\"https:\/\/tausendfuessler-obertshausen.de\/wp-content\/uploads\/2021\/08\/tf_kinderkrippe_logo.png\" alt=\"\" class=\"wp-image-1077\" srcset=\"https:\/\/tausendfuessler-obertshausen.de\/wp-content\/uploads\/2021\/08\/tf_kinderkrippe_logo.png 500w, https:\/\/tausendfuessler-obertshausen.de\/wp-content\/uploads\/2021\/08\/tf_kinderkrippe_logo-300x123.png 300w\" sizes=\"auto, (max-width: 500px) 85vw, 500px\" \/><\/figure>\n<\/div>\n\n\n\n<div class=\"wp-block-column is-layout-flow wp-block-column-is-layout-flow\" style=\"flex-basis:66.66%\">\n<p>Eine Begegnungsst\u00e4tte zum Wohlf\u00fchlen in einer vertrauensvollen Atmosph\u00e4re: Das und noch viel mehr, bieten wir! Der Tr\u00e4ger der Kinderkrippe Tausendf\u00fc\u00dfler ist der Verein Tausendf\u00fc\u00dfler e.V. \u2013 Der Familienverein und hat seinen Sitz im Familienzentrum in Obertshausen.<\/p>\n\n\n\n<p>Wir sind stetig bem\u00fcht, unsere Netzwerkarbeit mit anderen Institutionen der Umgebung auszubauen, um die Angebotspalette f\u00fcr Familien zu erweitern.<\/p>\n<\/div>\n<\/div>\n\n\n\n<div class=\"wp-block-columns is-layout-flex wp-container-core-columns-is-layout-9d6595d7 wp-block-columns-is-layout-flex\">\n<div class=\"wp-block-column is-layout-flow wp-block-column-is-layout-flow\" style=\"flex-basis:33.33%\">\n<figure class=\"wp-block-image size-large\"><img loading=\"lazy\" decoding=\"async\" width=\"463\" height=\"468\" src=\"https:\/\/tausendfuessler-obertshausen.de\/wp-content\/uploads\/2016\/03\/Jon-2014.jpg\" alt=\"\" class=\"wp-image-159\" srcset=\"https:\/\/tausendfuessler-obertshausen.de\/wp-content\/uploads\/2016\/03\/Jon-2014.jpg 463w, https:\/\/tausendfuessler-obertshausen.de\/wp-content\/uploads\/2016\/03\/Jon-2014-297x300.jpg 297w\" sizes=\"auto, (max-width: 463px) 85vw, 463px\" \/><\/figure>\n<\/div>\n\n\n\n<div class=\"wp-block-column is-layout-flow wp-block-column-is-layout-flow\" style=\"flex-basis:66.66%\">\n<p>Unsere Kinderkrippe f\u00fcr Kinder im Alter von 18 Monaten bis Kindergarteneintritt bietet viel Platz zum Spielen, gemeinsamen Lernen, Erleben und Wohlf\u00fchlen in unseren Gruppenr\u00e4umen. Zudem laden unser Bewegungsraum und das Au\u00dfengel\u00e4nde zum Forschen, Experimentieren und Bewegen ein.<\/p>\n<\/div>\n<\/div>\n\n\n\n<div class=\"wp-block-columns is-layout-flex wp-container-core-columns-is-layout-9d6595d7 wp-block-columns-is-layout-flex\">\n<div class=\"wp-block-column is-layout-flow wp-block-column-is-layout-flow\">\n<h5 class=\"wp-block-heading\">ANMELDUNG<\/h5>\n\n\n\n<p>Ausschlie\u00dflich \u00fcber das Online-Portal der Stadt Obertshausen<\/p>\n\n\n\n<h5 class=\"wp-block-heading\">BEITR\u00c4GE<\/h5>\n<\/div>\n<\/div>\n\n\n\n<p>Die Berechnung der Elternbeitr\u00e4ge richtet sich nach der aktuellen Kitaordnung der Stadt Obertshausen.<\/p>\n<\/div>\n<\/div>\n\n\n\n<h5 class=\"wp-block-heading\">SCHLIESSZEITEN<\/h5>\n\n\n\n<p>In den Sommerferien ist die Einrichtung in der Regel bis zu drei Wochen geschlossen. Weiterhin ist die Kinderkrippe in der Zeit zwischen Weihnachten und Neujahr geschlossen. Bei beweglichen Feiertagen, bei Veranstaltungen der Gesamteinrichtung, Fortbildungen und \u00e4hnlichen Terminen kann es ebenfalls nach vorheriger Ank\u00fcndigung zu Schlie\u00dfzeiten kommen.<br>Regelm\u00e4\u00dfig finden Teambesprechungen und Fortbildungen statt, um unseren hohen Qualit\u00e4tsstandard aufrecht zu erhalten.<\/p>\n\n\n\n<h5 class=\"wp-block-heading\">BEDARFSGERECHTE BETREUUNG<\/h5>\n\n\n\n<figure class=\"wp-block-image size-large\"><img loading=\"lazy\" decoding=\"async\" width=\"1024\" height=\"142\" src=\"https:\/\/tausendfuessler-obertshausen.de\/wp-content\/uploads\/2024\/03\/TF_oeffnungszeiten_krippe-1024x142.jpg\" alt=\"\" class=\"wp-image-1360\" srcset=\"https:\/\/tausendfuessler-obertshausen.de\/wp-content\/uploads\/2024\/03\/TF_oeffnungszeiten_krippe-1024x142.jpg 1024w, https:\/\/tausendfuessler-obertshausen.de\/wp-content\/uploads\/2024\/03\/TF_oeffnungszeiten_krippe-300x42.jpg 300w, https:\/\/tausendfuessler-obertshausen.de\/wp-content\/uploads\/2024\/03\/TF_oeffnungszeiten_krippe-768x107.jpg 768w, https:\/\/tausendfuessler-obertshausen.de\/wp-content\/uploads\/2024\/03\/TF_oeffnungszeiten_krippe-1200x167.jpg 1200w, https:\/\/tausendfuessler-obertshausen.de\/wp-content\/uploads\/2024\/03\/TF_oeffnungszeiten_krippe.jpg 1483w\" sizes=\"auto, (max-width: 709px) 85vw, (max-width: 909px) 67vw, (max-width: 1362px) 62vw, 840px\" \/><\/figure>\n\n\n\n<h5 class=\"wp-block-heading\">ENGE ZUSAMMENARBEIT<\/h5>\n\n\n\n<p>Wir verstehen Eltern als Bildungs- und Erziehungspartner. Da wir uns eine intensive und famili\u00e4re Zusammenarbeit w\u00fcnschen, ist uns der regelm\u00e4\u00dfige Austausch mit den Eltern bzw. Sorgeberechtigten sehr wichtig. Gemeinsam finden wir den passenden Weg f\u00fcr eine gelungene Eingew\u00f6hnung des Kindes und den \u00dcbergang zum\/zur BezugserzieherIn.<br>Denn jedes Kind hat sein eigenes Zeitma\u00df f\u00fcr die Eingew\u00f6hnung und die individuelle Entwicklung. Regelm\u00e4\u00dfig finden Elterngespr\u00e4che sowie T\u00fcr- und Angel-Gespr\u00e4che statt, somit wird die Entwicklung eines jeden Kindes transparent f\u00fcr alle Erziehungspartner.<\/p>\n\n\n\n<div class=\"wp-block-columns is-layout-flex wp-container-core-columns-is-layout-9d6595d7 wp-block-columns-is-layout-flex\">\n<div class=\"wp-block-column is-layout-flow wp-block-column-is-layout-flow\">\n<h4 class=\"wp-block-heading\">p\u00e4dagogische basis<\/h4>\n\n\n\n<ul class=\"wp-block-list\">\n<li>Hessisches Kinder- und Jugendhilfegesetz<\/li>\n\n\n\n<li>Hessischer Bildungs- und Erziehungsplan (BEP)<br><br>Sowie angelehnt an die Konzepte von<\/li>\n\n\n\n<li>Early Excellence<\/li>\n\n\n\n<li>Emmi Pikler<\/li>\n<\/ul>\n<\/div>\n\n\n\n<div class=\"wp-block-column is-layout-flow wp-block-column-is-layout-flow\">\n<h4 class=\"wp-block-heading\">SCHWERPUNKTE<\/h4>\n\n\n\n<p>Unser Schwerpunkt der t\u00e4glichen Arbeit liegt im Bereich Bewegung \u2013 mit Ma\u00dfnahmen zur Unterst\u00fctzung eines gesundheitsf\u00f6rderlichen Lebensumfeldes. Dabei liegen uns folgende p\u00e4dagogische Bereiche besonders am Herzen:<\/p>\n\n\n\n<ul class=\"wp-block-list\">\n<li>Sinneserfahrungen<\/li>\n\n\n\n<li>Liebevolle, entwicklungsorientierte Betreuung<\/li>\n\n\n\n<li>Beziehungsvolle Pflege<\/li>\n\n\n\n<li>Empathische ErzieherInnen als verl\u00e4ssliche<\/li>\n\n\n\n<li>Bezugspersonen<\/li>\n\n\n\n<li>Struktur, Orientierung und Vermittlung von Werten<\/li>\n\n\n\n<li>Gemeinsames Fr\u00fchst\u00fcck und Mittagessen<\/li>\n\n\n\n<li>Spielerische Sprachf\u00f6rderung<\/li>\n<\/ul>\n<\/div>\n<\/div>\n\n\n\n<div class=\"wp-block-columns is-layout-flex wp-container-core-columns-is-layout-9d6595d7 wp-block-columns-is-layout-flex\">\n<div class=\"wp-block-column is-layout-flow wp-block-column-is-layout-flow\" style=\"flex-basis:66.66%\">\n<h2 class=\"wp-block-heading has-text-align-left\">Info Flyer<\/h2>\n\n\n\n<p class=\"has-text-align-left\"><a href=\"https:\/\/tausendfuessler-obertshausen.de\/wp-content\/uploads\/2024\/03\/tf_kinderkrippe_info_20240308.pdf\">PDF Download Info Flyer zur Kinderkrippe<\/a><\/p>\n<\/div>\n\n\n\n<div class=\"wp-block-column is-layout-flow wp-block-column-is-layout-flow\" style=\"flex-basis:33.33%\"><div class=\"wp-block-image\">\n<figure class=\"alignleft size-full\"><a href=\"https:\/\/tausendfuessler-obertshausen.de\/wp-content\/uploads\/2024\/03\/tf_kinderkrippe_info_20240308.pdf\"><img loading=\"lazy\" decoding=\"async\" width=\"590\" height=\"835\" src=\"https:\/\/tausendfuessler-obertshausen.de\/wp-content\/uploads\/2024\/03\/TF_flyer_krippe.jpg\" alt=\"\" class=\"wp-image-1362\" srcset=\"https:\/\/tausendfuessler-obertshausen.de\/wp-content\/uploads\/2024\/03\/TF_flyer_krippe.jpg 590w, https:\/\/tausendfuessler-obertshausen.de\/wp-content\/uploads\/2024\/03\/TF_flyer_krippe-212x300.jpg 212w\" sizes=\"auto, (max-width: 590px) 85vw, 590px\" \/><\/a><\/figure>\n<\/div><\/div>\n<\/div>\n\n\n\n<figure class=\"wp-block-image size-full\"><img loading=\"lazy\" decoding=\"async\" width=\"800\" height=\"670\" src=\"https:\/\/tausendfuessler-obertshausen.de\/wp-content\/uploads\/2024\/03\/TF_bild_krippe.png\" alt=\"\" class=\"wp-image-1361\" srcset=\"https:\/\/tausendfuessler-obertshausen.de\/wp-content\/uploads\/2024\/03\/TF_bild_krippe.png 800w, https:\/\/tausendfuessler-obertshausen.de\/wp-content\/uploads\/2024\/03\/TF_bild_krippe-300x251.png 300w, https:\/\/tausendfuessler-obertshausen.de\/wp-content\/uploads\/2024\/03\/TF_bild_krippe-768x643.png 768w\" sizes=\"auto, (max-width: 800px) 85vw, 800px\" \/><\/figure>\n\n\n\n<p><\/p>\n","protected":false},"excerpt":{"rendered":"<p>in der Vogelsbergstra\u00dfe 8 in Obertshausen im Neubau &#8222;Familienzentrum&#8220; Eine Begegnungsst\u00e4tte zum Wohlf\u00fchlen in einer vertrauensvollen Atmosph\u00e4re: Das und noch viel mehr, bieten wir! Der Tr\u00e4ger der Kinderkrippe Tausendf\u00fc\u00dfler ist der Verein Tausendf\u00fc\u00dfler e.V. \u2013 Der Familienverein und hat seinen Sitz im Familienzentrum in Obertshausen. Wir sind stetig bem\u00fcht, unsere Netzwerkarbeit mit anderen Institutionen der &hellip; <a href=\"https:\/\/tausendfuessler-obertshausen.de\/?page_id=971\" class=\"more-link\"><span class=\"screen-reader-text\">\u201eKinderkrippe Tausendf\u00fc\u00dfler U3\u201c<\/span> weiterlesen<\/a><\/p>\n","protected":false},"author":5,"featured_media":0,"parent":22,"menu_order":3,"comment_status":"closed","ping_status":"closed","template":"","meta":{"footnotes":""},"class_list":["post-971","page","type-page","status-publish","hentry"],"_links":{"self":[{"href":"https:\/\/tausendfuessler-obertshausen.de\/index.php?rest_route=\/wp\/v2\/pages\/971","targetHints":{"allow":["GET"]}}],"collection":[{"href":"https:\/\/tausendfuessler-obertshausen.de\/index.php?rest_route=\/wp\/v2\/pages"}],"about":[{"href":"https:\/\/tausendfuessler-obertshausen.de\/index.php?rest_route=\/wp\/v2\/types\/page"}],"author":[{"embeddable":true,"href":"https:\/\/tausendfuessler-obertshausen.de\/index.php?rest_route=\/wp\/v2\/users\/5"}],"replies":[{"embeddable":true,"href":"https:\/\/tausendfuessler-obertshausen.de\/index.php?rest_route=%2Fwp%2Fv2%2Fcomments&post=971"}],"version-history":[{"count":21,"href":"https:\/\/tausendfuessler-obertshausen.de\/index.php?rest_route=\/wp\/v2\/pages\/971\/revisions"}],"predecessor-version":[{"id":1379,"href":"https:\/\/tausendfuessler-obertshausen.de\/index.php?rest_route=\/wp\/v2\/pages\/971\/revisions\/1379"}],"up":[{"embeddable":true,"href":"https:\/\/tausendfuessler-obertshausen.de\/index.php?rest_route=\/wp\/v2\/pages\/22"}],"wp:attachment":[{"href":"https:\/\/tausendfuessler-obertshausen.de\/index.php?rest_route=%2Fwp%2Fv2%2Fmedia&parent=971"}],"curies":[{"name":"wp","href":"https:\/\/api.w.org\/{rel}","templated":true}]}}