{"id":64,"date":"2016-03-28T20:21:56","date_gmt":"2016-03-28T20:21:56","guid":{"rendered":"http:\/\/tausendfuessler.ikbode.com\/?page_id=64"},"modified":"2024-06-07T10:05:05","modified_gmt":"2024-06-07T09:05:05","slug":"kontakt","status":"publish","type":"page","link":"https:\/\/tausendfuessler-obertshausen.de\/?page_id=64","title":{"rendered":"Kontakt"},"content":{"rendered":"<div id=\"bg_website\">\n<div id=\"container\">\n<div id=\"content-middle\">\n<h2><strong>Tausendf\u00fc\u00dfler e.V. &#8211; Der Familienverein<\/strong><\/h2>\n<p>Unser Standort im <strong>Familienzentrum Obertshausen<\/strong>:<br \/>\nVogelsbergstra\u00dfe 8 &#8211; 63179 Obertshausen<\/p>\n<p><strong>bitte kontaktieren Sie uns per E-Mail: <\/strong>\u00a0<a href=\"mailto:info@tausendfuessler-obertshausen.de\">info@tausendfuessler-obertshausen.de<\/a><\/p>\n<h3><strong>Ihre Ansprechpartner<br \/>\n<\/strong><\/h3>\n<p><strong><u>Vereinsb\u00fcro, Koordination Offene Treffs<\/u><\/strong><br \/>\n<strong>Nicole Luque<br \/>\n<\/strong>Termine nach Vereinbarung<br \/>\nE-Mail: info@tausendfuessler-obertshausen.de<br \/>\nTelefon: 06104 7688520<\/p>\n<p><strong>Kinderkrippe Tausendf\u00fc\u00dfler<\/strong><br \/>\n<strong>Christiane Kreuchauff<\/strong><br \/>\nE-Mail: verwaltung@tausendfuessler-obertshausen.de<br \/>\nTelefon: 06104 7688522<\/p>\n<p><strong><span style=\"text-decoration: underline;\">Vermittlungsstelle Kindertagespflege:<\/span><\/strong><br \/>\n<strong>Rebecca Sochor<br \/>\n<\/strong>Termine nur nach Vereinbarung per E-Mail<br \/>\n<strong>E-Mail:<\/strong> <a href=\"mailto:tagesmuetter@tausendfuessler-obertshausen.de\">tagesmuetter@tausendfuessler-obertshausen.de<\/a><br \/>\nTelefon: 06104 7688521<\/p>\n<p><strong><span style=\"text-decoration: underline;\">Elternberatung:<\/span><\/strong><br \/>\n<strong> Christiane Kreuchauff<br \/>\n<\/strong>Termine nach Vereinbarung<br \/>\n<strong>E-Mail:<\/strong> <a href=\"mailto:verwaltung@tausendfuessler-obertshausen.de\">verwaltung@tausendfuessler-obertshausen.de<\/a><\/p>\n<h3><strong>Unsere Bankverbindung:<\/strong><\/h3>\n<p><strong>Sparkasse Langen-Seligenstadt<br \/>\n<\/strong><strong>(IBAN) DE 18 5065 2124 0014 1902 19\u00a0\u00a0 (BIC) HELADEF 1 SLS<\/strong><\/p>\n<\/div>\n<\/div>\n<\/div>\n","protected":false},"excerpt":{"rendered":"<p>Tausendf\u00fc\u00dfler e.V. &#8211; Der Familienverein Unser Standort im Familienzentrum Obertshausen: Vogelsbergstra\u00dfe 8 &#8211; 63179 Obertshausen bitte kontaktieren Sie uns per E-Mail: \u00a0info@tausendfuessler-obertshausen.de Ihre Ansprechpartner Vereinsb\u00fcro, Koordination Offene Treffs Nicole Luque Termine nach Vereinbarung E-Mail: info@tausendfuessler-obertshausen.de Telefon: 06104 7688520 Kinderkrippe Tausendf\u00fc\u00dfler Christiane Kreuchauff E-Mail: verwaltung@tausendfuessler-obertshausen.de Telefon: 06104 7688522 Vermittlungsstelle Kindertagespflege: Rebecca Sochor Termine nur nach Vereinbarung &hellip; <a href=\"https:\/\/tausendfuessler-obertshausen.de\/?page_id=64\" class=\"more-link\"><span class=\"screen-reader-text\">\u201eKontakt\u201c<\/span> weiterlesen<\/a><\/p>\n","protected":false},"author":5,"featured_media":0,"parent":60,"menu_order":2,"comment_status":"closed","ping_status":"closed","template":"","meta":{"footnotes":""},"class_list":["post-64","page","type-page","status-publish","hentry"],"_links":{"self":[{"href":"https:\/\/tausendfuessler-obertshausen.de\/index.php?rest_route=\/wp\/v2\/pages\/64","targetHints":{"allow":["GET"]}}],"collection":[{"href":"https:\/\/tausendfuessler-obertshausen.de\/index.php?rest_route=\/wp\/v2\/pages"}],"about":[{"href":"https:\/\/tausendfuessler-obertshausen.de\/index.php?rest_route=\/wp\/v2\/types\/page"}],"author":[{"embeddable":true,"href":"https:\/\/tausendfuessler-obertshausen.de\/index.php?rest_route=\/wp\/v2\/users\/5"}],"replies":[{"embeddable":true,"href":"https:\/\/tausendfuessler-obertshausen.de\/index.php?rest_route=%2Fwp%2Fv2%2Fcomments&post=64"}],"version-history":[{"count":19,"href":"https:\/\/tausendfuessler-obertshausen.de\/index.php?rest_route=\/wp\/v2\/pages\/64\/revisions"}],"predecessor-version":[{"id":1383,"href":"https:\/\/tausendfuessler-obertshausen.de\/index.php?rest_route=\/wp\/v2\/pages\/64\/revisions\/1383"}],"up":[{"embeddable":true,"href":"https:\/\/tausendfuessler-obertshausen.de\/index.php?rest_route=\/wp\/v2\/pages\/60"}],"wp:attachment":[{"href":"https:\/\/tausendfuessler-obertshausen.de\/index.php?rest_route=%2Fwp%2Fv2%2Fmedia&parent=64"}],"curies":[{"name":"wp","href":"https:\/\/api.w.org\/{rel}","templated":true}]}}