{"id":54,"date":"2016-03-28T20:18:53","date_gmt":"2016-03-28T20:18:53","guid":{"rendered":"http:\/\/tausendfuessler.ikbode.com\/?page_id=54"},"modified":"2025-09-05T11:57:04","modified_gmt":"2025-09-05T10:57:04","slug":"eltern-kind-basteln","status":"publish","type":"page","link":"https:\/\/tausendfuessler-obertshausen.de\/?page_id=54","title":{"rendered":"Offener Handarbeitstreff"},"content":{"rendered":"\n<p><\/p>\n\n\n<p>Im Offenen Treff &#8222;Stricken und H\u00e4keln&#8220; ist jeder eingeladen, der sich \u00fcber die Grundtechniken hinaus \u00fcber das Stricken und H\u00e4keln austauschen m\u00f6chte, Hilfe bei seinem Projekt braucht, Tipps weitergeben mag oder einfach nur in gem\u00fctlicher Runde handarbeiten m\u00f6chte.<\/p>\n<h5>Die Treffen finden regelm\u00e4\u00dfig statt:<\/h5>\n<p>jeden ersten und jeden dritten Dienstag im Monat von 15:00 Uhr bis 17:30 Uhr.<\/p>\n<p><strong>Wo:<\/strong><br \/>Offenes Wohnzimmer im Familienzentrum\u00a0<br \/>Vogelsbergstra\u00dfe 8<br \/>63179 Obertshausen<\/p>\n<p><strong>Informationen vorab bei Nicole Luque<\/strong><\/p>\n<p><strong>Telefon:<\/strong> 06104 7688520 oder <strong>E-Mail:<\/strong> <a href=\"mailto:info@tausendfuessler-obertshausen.de\">info@tausendfuessler-obertshausen.de<\/a><\/p>\n\n<div class=\"wp-block-image\">\n<figure class=\"alignleft size-large is-resized\"><img loading=\"lazy\" decoding=\"async\" width=\"768\" height=\"1024\" src=\"https:\/\/tausendfuessler-obertshausen.de\/wp-content\/uploads\/2025\/09\/01028952-768x1024.jpeg\" alt=\"\" class=\"wp-image-1504\" style=\"width:522px;height:auto\" srcset=\"https:\/\/tausendfuessler-obertshausen.de\/wp-content\/uploads\/2025\/09\/01028952-768x1024.jpeg 768w, https:\/\/tausendfuessler-obertshausen.de\/wp-content\/uploads\/2025\/09\/01028952-225x300.jpeg 225w, https:\/\/tausendfuessler-obertshausen.de\/wp-content\/uploads\/2025\/09\/01028952-1152x1536.jpeg 1152w, https:\/\/tausendfuessler-obertshausen.de\/wp-content\/uploads\/2025\/09\/01028952-1536x2048.jpeg 1536w, https:\/\/tausendfuessler-obertshausen.de\/wp-content\/uploads\/2025\/09\/01028952-1200x1600.jpeg 1200w, https:\/\/tausendfuessler-obertshausen.de\/wp-content\/uploads\/2025\/09\/01028952-scaled.jpeg 1920w\" sizes=\"auto, (max-width: 768px) 85vw, 768px\" \/><\/figure>\n<\/div>","protected":false},"excerpt":{"rendered":"<p>Im Offenen Treff &#8222;Stricken und H\u00e4keln&#8220; ist jeder eingeladen, der sich \u00fcber die Grundtechniken hinaus \u00fcber das Stricken und H\u00e4keln austauschen m\u00f6chte, Hilfe bei seinem Projekt braucht, Tipps weitergeben mag oder einfach nur in gem\u00fctlicher Runde handarbeiten m\u00f6chte. Die Treffen finden regelm\u00e4\u00dfig statt: jeden ersten und jeden dritten Dienstag im Monat von 15:00 Uhr bis &hellip; <a href=\"https:\/\/tausendfuessler-obertshausen.de\/?page_id=54\" class=\"more-link\"><span class=\"screen-reader-text\">\u201eOffener Handarbeitstreff\u201c<\/span> weiterlesen<\/a><\/p>\n","protected":false},"author":5,"featured_media":0,"parent":50,"menu_order":2,"comment_status":"closed","ping_status":"closed","template":"","meta":{"footnotes":""},"class_list":["post-54","page","type-page","status-publish","hentry"],"_links":{"self":[{"href":"https:\/\/tausendfuessler-obertshausen.de\/index.php?rest_route=\/wp\/v2\/pages\/54","targetHints":{"allow":["GET"]}}],"collection":[{"href":"https:\/\/tausendfuessler-obertshausen.de\/index.php?rest_route=\/wp\/v2\/pages"}],"about":[{"href":"https:\/\/tausendfuessler-obertshausen.de\/index.php?rest_route=\/wp\/v2\/types\/page"}],"author":[{"embeddable":true,"href":"https:\/\/tausendfuessler-obertshausen.de\/index.php?rest_route=\/wp\/v2\/users\/5"}],"replies":[{"embeddable":true,"href":"https:\/\/tausendfuessler-obertshausen.de\/index.php?rest_route=%2Fwp%2Fv2%2Fcomments&post=54"}],"version-history":[{"count":13,"href":"https:\/\/tausendfuessler-obertshausen.de\/index.php?rest_route=\/wp\/v2\/pages\/54\/revisions"}],"predecessor-version":[{"id":1506,"href":"https:\/\/tausendfuessler-obertshausen.de\/index.php?rest_route=\/wp\/v2\/pages\/54\/revisions\/1506"}],"up":[{"embeddable":true,"href":"https:\/\/tausendfuessler-obertshausen.de\/index.php?rest_route=\/wp\/v2\/pages\/50"}],"wp:attachment":[{"href":"https:\/\/tausendfuessler-obertshausen.de\/index.php?rest_route=%2Fwp%2Fv2%2Fmedia&parent=54"}],"curies":[{"name":"wp","href":"https:\/\/api.w.org\/{rel}","templated":true}]}}