{"id":52,"date":"2016-03-28T20:18:12","date_gmt":"2016-03-28T20:18:12","guid":{"rendered":"http:\/\/tausendfuessler.ikbode.com\/?page_id=52"},"modified":"2026-01-13T17:29:57","modified_gmt":"2026-01-13T16:29:57","slug":"cafe","status":"publish","type":"page","link":"https:\/\/tausendfuessler-obertshausen.de\/?page_id=52","title":{"rendered":"Eltern-Kind-Treffen"},"content":{"rendered":"<p>Ort: Familienzentrum Obertshausen, Vogelsbergstra\u00dfe 8\u00a0<\/p>\n<p><strong>*Babytreff*: <br \/><\/strong>Jeden<strong> Dienstag und jeden Donnerstag von 10:00 Uhr bis 11:30<\/strong> Uhr f\u00fcr werdende Eltern, Eltern mit Babys ab Geburt bis zum ersten Geburtstag &#8211; Spiel und Austausch sowie Input zu relevanten Themen.<\/p>\n<p>*<strong>Rausgewachsen<\/strong>*:<br \/>Jeden <strong>Montag von 9:30 bis 11:30<\/strong> Uhr f\u00fcr alle Eltern mit ihren Kindern ab dem 1. Geburtstag bis zum Eintritt in den Kindergarten.<\/p>\n<p><strong>*Offener Eltern-Kind-Treff*: <br \/><\/strong>Jeden<strong> Freitag von 15:00 bis 17:00 Uhr<\/strong> f\u00fcr alle Kinder bis 4 Jahre zum Spielen und Austauschen.<\/p>\n<p>Wir bieten Raum zum Quatschen und Austauschen. Die Kinder k\u00f6nnen jederzeit und gerne spielen. Einfach kommen, da sein, mitmachen, genie\u00dfen oder zuschauen. Alles darf, nichts muss. &#8211; <strong>Die Aufsicht \u00fcber die Kinder liegt jederzeit und ausschlie\u00dflich bei den Eltern !<\/strong><\/p>\n<p><strong>Teilnahmebeitrag: Euro 2.- <\/strong>(1 Erwachsener und 1 Kind pro Teilnahme)<br \/>Bitte mitbringen: dicke Socken oder Hausschuhe, Krabbeldecke<br \/>Fr\u00fchst\u00fcck\/Kuchen, Kaffee\/Tee gibt es an der K\u00fcchentheke gegen ein kleines Entgelt<\/p>\n<h5>Information und Anmeldung (erw\u00fcnscht f\u00fcr den Babytreff)<\/h5>\n<h5>vorab per <strong>E-Mail:<\/strong><a href=\"mailto:info@tausendfuessler-obertshausen.de\">info@tausendfuessler-obertshausen.de<\/a><\/h5>\n\n\n<p><\/p>\n\n\n\n<p><\/p>\n","protected":false},"excerpt":{"rendered":"<p>Ort: Familienzentrum Obertshausen, Vogelsbergstra\u00dfe 8\u00a0 *Babytreff*: Jeden Dienstag und jeden Donnerstag von 10:00 Uhr bis 11:30 Uhr f\u00fcr werdende Eltern, Eltern mit Babys ab Geburt bis zum ersten Geburtstag &#8211; Spiel und Austausch sowie Input zu relevanten Themen. *Rausgewachsen*:Jeden Montag von 9:30 bis 11:30 Uhr f\u00fcr alle Eltern mit ihren Kindern ab dem 1. Geburtstag &hellip; <a href=\"https:\/\/tausendfuessler-obertshausen.de\/?page_id=52\" class=\"more-link\"><span class=\"screen-reader-text\">\u201eEltern-Kind-Treffen\u201c<\/span> weiterlesen<\/a><\/p>\n","protected":false},"author":5,"featured_media":0,"parent":50,"menu_order":1,"comment_status":"closed","ping_status":"closed","template":"","meta":{"footnotes":""},"class_list":["post-52","page","type-page","status-publish","hentry"],"_links":{"self":[{"href":"https:\/\/tausendfuessler-obertshausen.de\/index.php?rest_route=\/wp\/v2\/pages\/52","targetHints":{"allow":["GET"]}}],"collection":[{"href":"https:\/\/tausendfuessler-obertshausen.de\/index.php?rest_route=\/wp\/v2\/pages"}],"about":[{"href":"https:\/\/tausendfuessler-obertshausen.de\/index.php?rest_route=\/wp\/v2\/types\/page"}],"author":[{"embeddable":true,"href":"https:\/\/tausendfuessler-obertshausen.de\/index.php?rest_route=\/wp\/v2\/users\/5"}],"replies":[{"embeddable":true,"href":"https:\/\/tausendfuessler-obertshausen.de\/index.php?rest_route=%2Fwp%2Fv2%2Fcomments&post=52"}],"version-history":[{"count":61,"href":"https:\/\/tausendfuessler-obertshausen.de\/index.php?rest_route=\/wp\/v2\/pages\/52\/revisions"}],"predecessor-version":[{"id":1532,"href":"https:\/\/tausendfuessler-obertshausen.de\/index.php?rest_route=\/wp\/v2\/pages\/52\/revisions\/1532"}],"up":[{"embeddable":true,"href":"https:\/\/tausendfuessler-obertshausen.de\/index.php?rest_route=\/wp\/v2\/pages\/50"}],"wp:attachment":[{"href":"https:\/\/tausendfuessler-obertshausen.de\/index.php?rest_route=%2Fwp%2Fv2%2Fmedia&parent=52"}],"curies":[{"name":"wp","href":"https:\/\/api.w.org\/{rel}","templated":true}]}}