{"id":50,"date":"2016-03-28T20:15:36","date_gmt":"2016-03-28T20:15:36","guid":{"rendered":"http:\/\/tausendfuessler.ikbode.com\/?page_id=50"},"modified":"2022-09-01T09:24:55","modified_gmt":"2022-09-01T08:24:55","slug":"offener-treff","status":"publish","type":"page","link":"https:\/\/tausendfuessler-obertshausen.de\/?page_id=50","title":{"rendered":"Offener Treff"},"content":{"rendered":"\n<p>Wir bieten verschiedene M\u00f6glichkeiten sich zu treffen und auszutauschen.<\/p>\n\n\n\n<p>Ort: Familienzentrum Obertshausen, Vogelsbergstra\u00dfe 8<\/p>\n\n\n\n<p>Kommen Sie einfach hier einfach mal vorbei:<\/p>\n\n\n\n<ul class=\"wp-block-list\"><li><a href=\"http:\/\/tausendfuessler-obertshausen.de\/?page_id=52\">Offener Spiel- und Basteltreff<\/a><\/li><li><a href=\"http:\/\/tausendfuessler-obertshausen.de\/?page_id=54\">Offener Strick- und H\u00e4kel-Treff<\/a><\/li><li><a href=\"http:\/\/tausendfuessler-obertshausen.de\/?page_id=56\">Spielkreise<\/a><\/li><\/ul>\n","protected":false},"excerpt":{"rendered":"<p>Wir bieten verschiedene M\u00f6glichkeiten sich zu treffen und auszutauschen. Ort: Familienzentrum Obertshausen, Vogelsbergstra\u00dfe 8 Kommen Sie einfach hier einfach mal vorbei: Offener Spiel- und Basteltreff Offener Strick- und H\u00e4kel-Treff Spielkreise<\/p>\n","protected":false},"author":5,"featured_media":0,"parent":32,"menu_order":3,"comment_status":"closed","ping_status":"closed","template":"","meta":{"footnotes":""},"class_list":["post-50","page","type-page","status-publish","hentry"],"_links":{"self":[{"href":"https:\/\/tausendfuessler-obertshausen.de\/index.php?rest_route=\/wp\/v2\/pages\/50","targetHints":{"allow":["GET"]}}],"collection":[{"href":"https:\/\/tausendfuessler-obertshausen.de\/index.php?rest_route=\/wp\/v2\/pages"}],"about":[{"href":"https:\/\/tausendfuessler-obertshausen.de\/index.php?rest_route=\/wp\/v2\/types\/page"}],"author":[{"embeddable":true,"href":"https:\/\/tausendfuessler-obertshausen.de\/index.php?rest_route=\/wp\/v2\/users\/5"}],"replies":[{"embeddable":true,"href":"https:\/\/tausendfuessler-obertshausen.de\/index.php?rest_route=%2Fwp%2Fv2%2Fcomments&post=50"}],"version-history":[{"count":6,"href":"https:\/\/tausendfuessler-obertshausen.de\/index.php?rest_route=\/wp\/v2\/pages\/50\/revisions"}],"predecessor-version":[{"id":1174,"href":"https:\/\/tausendfuessler-obertshausen.de\/index.php?rest_route=\/wp\/v2\/pages\/50\/revisions\/1174"}],"up":[{"embeddable":true,"href":"https:\/\/tausendfuessler-obertshausen.de\/index.php?rest_route=\/wp\/v2\/pages\/32"}],"wp:attachment":[{"href":"https:\/\/tausendfuessler-obertshausen.de\/index.php?rest_route=%2Fwp%2Fv2%2Fmedia&parent=50"}],"curies":[{"name":"wp","href":"https:\/\/api.w.org\/{rel}","templated":true}]}}