{"id":28,"date":"2016-03-28T20:10:08","date_gmt":"2016-03-28T20:10:08","guid":{"rendered":"http:\/\/tausendfuessler.ikbode.com\/?page_id=28"},"modified":"2026-01-12T15:31:32","modified_gmt":"2026-01-12T14:31:32","slug":"tagespflege-babysittervermittlung","status":"publish","type":"page","link":"https:\/\/tausendfuessler-obertshausen.de\/?page_id=28","title":{"rendered":"Vermittlungsstelle Kindertagespflege U3"},"content":{"rendered":"\n<p>Unser Angebot richtet sich an<\/p>\n\n\n\n<p><strong>Tagesm\u00fctter und solche, die es werden wollen<br><\/strong>Wir beraten, qualifizieren und vermitteln. Bei uns bekommen Sie Informationen zu den gesetzlichen Grundlagen (Pflegeerlaubnis) und allen anderen Fragen der Tagespflege.<\/p>\n\n\n\n<p><strong>Eltern, die eine Betreuung f\u00fcr ihr Kind suchen<br><\/strong>Wir unterst\u00fctzen bei der Suche nach einer geeigneten und f\u00fcr Sie passenden Tagesmutter. Das gute Einvernehmen zwischen beiden Familien sehen wir als Grundvoraussetzung f\u00fcr das gute Gelingen eines Tagespflegeverh\u00e4ltnisses.<\/p>\n\n\n<div class=\"wp-block-image\">\n<figure class=\"alignleft\"><img loading=\"lazy\" decoding=\"async\" width=\"900\" height=\"210\" src=\"http:\/\/tausendfuessler-obertshausen.de\/wp-content\/uploads\/2018\/10\/image_11.jpg\" alt=\"\" class=\"wp-image-405\" srcset=\"https:\/\/tausendfuessler-obertshausen.de\/wp-content\/uploads\/2018\/10\/image_11.jpg 900w, https:\/\/tausendfuessler-obertshausen.de\/wp-content\/uploads\/2018\/10\/image_11-300x70.jpg 300w, https:\/\/tausendfuessler-obertshausen.de\/wp-content\/uploads\/2018\/10\/image_11-768x179.jpg 768w\" sizes=\"auto, (max-width: 709px) 85vw, (max-width: 909px) 67vw, (max-width: 1362px) 62vw, 840px\" \/><\/figure>\n<\/div>\n\n\n<p><\/p>\n\n\n\n<p>F\u00fcr einen <strong>Gespr\u00e4chstermin<\/strong> wenden Sie sich bitte per E-Mail an uns: <a href=\"tagesmuetter@tausendfuessler-obertshausen.de\">tagesmuetter@tausendfuessler-obertshausen.de<\/a> <br>Bitte notieren Sie in der E-Mail auch Ihre Telefonnummer (Mobil). <br>Bei Anfragen zur Vermittlung einer Tagesmutter ben\u00f6tigen wir au\u00dferdem Ihren Wohnort, das Geburtsdatum Ihres Kindes und die Anzahl der geplanten Betreuungsstunden.<\/p>\n\n\n\n<p>Jeden Montag findet eine offene Sprechstunde von 9:30 Uhr bis 11:30 Uhr f\u00fcr alle Eltern statt.<br><br>Da wir Sie erfahrungsgem\u00e4\u00df am besten au\u00dferhalb der \u00fcblichen Arbeitszeiten erreichen, melden wir uns gerne nach 17 Uhr (bis in den fr\u00fchen Abend hinein).<\/p>\n\n\n\n<p>Unsere telefonischen Sprechzeiten sind Mo 8:30 &#8211; 13:30 sowie 15:30 &#8211; 18:30, <br>Di und Mi 15:30 &#8211; 18:30, Do 8:30 &#8211; 12:30 und Fr 15:30 &#8211; 18:30. Sie erreichen uns zu diesen Zeiten unter der 06104-7688521. Sollten wir Ihren Anruf nicht sofort beantworten, befinden wir uns gerade in einem Gespr\u00e4ch und rufen selbstverst\u00e4ndlich gerne zur\u00fcck.<\/p>\n\n\n\n<p>Au\u00dferdem gibt es die &#8222;Sprechstunde am Samstag&#8220; im Zeitraum von 9:00 bis 13:00 Uhr, wichtig ist uns hier auch Ihre Voranmeldung per E-Mail, damit wir unn\u00f6tige Wartezeiten vermeiden k\u00f6nnen. Die Termine werden nach Anfrage vereinbart.<br><\/p>\n\n\n\n<p><br><\/p>\n\n\n\n<p><\/p>\n","protected":false},"excerpt":{"rendered":"<p>Unser Angebot richtet sich an Tagesm\u00fctter und solche, die es werden wollenWir beraten, qualifizieren und vermitteln. Bei uns bekommen Sie Informationen zu den gesetzlichen Grundlagen (Pflegeerlaubnis) und allen anderen Fragen der Tagespflege. Eltern, die eine Betreuung f\u00fcr ihr Kind suchenWir unterst\u00fctzen bei der Suche nach einer geeigneten und f\u00fcr Sie passenden Tagesmutter. Das gute Einvernehmen &hellip; <a href=\"https:\/\/tausendfuessler-obertshausen.de\/?page_id=28\" class=\"more-link\"><span class=\"screen-reader-text\">\u201eVermittlungsstelle Kindertagespflege U3\u201c<\/span> weiterlesen<\/a><\/p>\n","protected":false},"author":5,"featured_media":0,"parent":22,"menu_order":2,"comment_status":"closed","ping_status":"closed","template":"","meta":{"footnotes":""},"class_list":["post-28","page","type-page","status-publish","hentry"],"_links":{"self":[{"href":"https:\/\/tausendfuessler-obertshausen.de\/index.php?rest_route=\/wp\/v2\/pages\/28","targetHints":{"allow":["GET"]}}],"collection":[{"href":"https:\/\/tausendfuessler-obertshausen.de\/index.php?rest_route=\/wp\/v2\/pages"}],"about":[{"href":"https:\/\/tausendfuessler-obertshausen.de\/index.php?rest_route=\/wp\/v2\/types\/page"}],"author":[{"embeddable":true,"href":"https:\/\/tausendfuessler-obertshausen.de\/index.php?rest_route=\/wp\/v2\/users\/5"}],"replies":[{"embeddable":true,"href":"https:\/\/tausendfuessler-obertshausen.de\/index.php?rest_route=%2Fwp%2Fv2%2Fcomments&post=28"}],"version-history":[{"count":29,"href":"https:\/\/tausendfuessler-obertshausen.de\/index.php?rest_route=\/wp\/v2\/pages\/28\/revisions"}],"predecessor-version":[{"id":1523,"href":"https:\/\/tausendfuessler-obertshausen.de\/index.php?rest_route=\/wp\/v2\/pages\/28\/revisions\/1523"}],"up":[{"embeddable":true,"href":"https:\/\/tausendfuessler-obertshausen.de\/index.php?rest_route=\/wp\/v2\/pages\/22"}],"wp:attachment":[{"href":"https:\/\/tausendfuessler-obertshausen.de\/index.php?rest_route=%2Fwp%2Fv2%2Fmedia&parent=28"}],"curies":[{"name":"wp","href":"https:\/\/api.w.org\/{rel}","templated":true}]}}