{"id":22,"date":"2016-03-28T20:09:05","date_gmt":"2016-03-28T20:09:05","guid":{"rendered":"http:\/\/tausendfuessler.ikbode.com\/?page_id=22"},"modified":"2019-01-13T16:33:18","modified_gmt":"2019-01-13T15:33:18","slug":"betreuung","status":"publish","type":"page","link":"https:\/\/tausendfuessler-obertshausen.de\/?page_id=22","title":{"rendered":"Betreuung"},"content":{"rendered":"\n<hr class=\"wp-block-separator\"\/>\n\n\n\n<div class=\"wp-block-columns has-2-columns is-layout-flex wp-container-core-columns-is-layout-9d6595d7 wp-block-columns-is-layout-flex\">\n<div class=\"wp-block-column is-layout-flow wp-block-column-is-layout-flow\">\n<div class=\"wp-block-button\"><a class=\"wp-block-button__link has-text-color has-very-light-gray-color has-background has-vivid-cyan-blue-background-color\" href=\"http:\/\/tausendfuessler-obertshausen.de\/?page_id=28\"><strong> Fachstelle<\/strong><br><strong> Kindertagespflege-<\/strong><br><strong>Vermittlung<br><\/strong><\/a><\/div>\n<\/div>\n\n\n\n<div class=\"wp-block-column is-layout-flow wp-block-column-is-layout-flow\">\n<ul class=\"wp-block-list\"><li><strong>f\u00fcr Tagesm\u00fctter und solche, die es werden wollen<\/strong><\/li><li><strong>f\u00fcr Eltern, die eine Betreuung f\u00fcr ihr Kind suchen<\/strong><\/li><\/ul>\n<\/div>\n<\/div>\n\n\n\n<hr class=\"wp-block-separator\"\/>\n\n\n\n<div class=\"wp-block-columns has-2-columns is-layout-flex wp-container-core-columns-is-layout-9d6595d7 wp-block-columns-is-layout-flex\">\n<div class=\"wp-block-column is-layout-flow wp-block-column-is-layout-flow\">\n<p><strong>Mehr als eine Vorbereitung auf den gro\u00dfen Kindergarten \u2026<\/strong><br><br> \u2026 Betreuung f\u00fcr Kinder ab 18 Monaten <br><br> \u2026 in den Betreuten Spielgruppen \u201eMiniKids\u201c.<\/p>\n<\/div>\n\n\n\n<div class=\"wp-block-column is-layout-flow wp-block-column-is-layout-flow\">\n<div class=\"wp-block-button alignright\"><a class=\"wp-block-button__link has-background has-vivid-red-background-color\" href=\"http:\/\/tausendfuessler-obertshausen.de\/?page_id=24\"><strong>betreute<\/strong><br><strong>Spielgruppe<\/strong><br><strong>\u201eMiniKids\u201c <\/strong> <\/a><\/div>\n<\/div>\n<\/div>\n\n\n\n<hr class=\"wp-block-separator\"\/>\n","protected":false},"excerpt":{"rendered":"<p>f\u00fcr Tagesm\u00fctter und solche, die es werden wollen f\u00fcr Eltern, die eine Betreuung f\u00fcr ihr Kind suchen Mehr als eine Vorbereitung auf den gro\u00dfen Kindergarten \u2026 \u2026 Betreuung f\u00fcr Kinder ab 18 Monaten \u2026 in den Betreuten Spielgruppen \u201eMiniKids\u201c.<\/p>\n","protected":false},"author":5,"featured_media":0,"parent":0,"menu_order":2,"comment_status":"closed","ping_status":"closed","template":"","meta":{"footnotes":""},"class_list":["post-22","page","type-page","status-publish","hentry"],"_links":{"self":[{"href":"https:\/\/tausendfuessler-obertshausen.de\/index.php?rest_route=\/wp\/v2\/pages\/22","targetHints":{"allow":["GET"]}}],"collection":[{"href":"https:\/\/tausendfuessler-obertshausen.de\/index.php?rest_route=\/wp\/v2\/pages"}],"about":[{"href":"https:\/\/tausendfuessler-obertshausen.de\/index.php?rest_route=\/wp\/v2\/types\/page"}],"author":[{"embeddable":true,"href":"https:\/\/tausendfuessler-obertshausen.de\/index.php?rest_route=\/wp\/v2\/users\/5"}],"replies":[{"embeddable":true,"href":"https:\/\/tausendfuessler-obertshausen.de\/index.php?rest_route=%2Fwp%2Fv2%2Fcomments&post=22"}],"version-history":[{"count":15,"href":"https:\/\/tausendfuessler-obertshausen.de\/index.php?rest_route=\/wp\/v2\/pages\/22\/revisions"}],"predecessor-version":[{"id":632,"href":"https:\/\/tausendfuessler-obertshausen.de\/index.php?rest_route=\/wp\/v2\/pages\/22\/revisions\/632"}],"wp:attachment":[{"href":"https:\/\/tausendfuessler-obertshausen.de\/index.php?rest_route=%2Fwp%2Fv2%2Fmedia&parent=22"}],"curies":[{"name":"wp","href":"https:\/\/api.w.org\/{rel}","templated":true}]}}