{"id":16,"date":"2016-03-28T20:06:41","date_gmt":"2016-03-28T20:06:41","guid":{"rendered":"http:\/\/tausendfuessler.ikbode.com\/?page_id=16"},"modified":"2024-10-09T20:59:47","modified_gmt":"2024-10-09T19:59:47","slug":"eltern-erziehungsberatung","status":"publish","type":"page","link":"https:\/\/tausendfuessler-obertshausen.de\/?page_id=16","title":{"rendered":"Elternberatung"},"content":{"rendered":"<h6>Unterst\u00fctzung in Fragen rund um die ersten Lebensjahre des Kindes<\/h6>\n<p>Manchmal f\u00fchlen sich Eltern \u00fcberfordert, bei den Aufgaben der Pflege und Erziehung ihrer Kinder immer angemessen und vorbildlich zu handeln. Manches Verhalten der Kinder erscheint ihnen unerkl\u00e4rlich, r\u00e4tselhaft, unangepasst, anstrengend und aufreibend. Die Ursachen kindlichen Verhaltens k\u00f6nnen so vielf\u00e4ltiger Art sein, dass ein Blick auf die Situation mithilfe einer zertifizierten Beraterin die Wahrnehmung kl\u00e4ren kann.<\/p>\n<p><img loading=\"lazy\" decoding=\"async\" class=\"wp-image-407 size-medium alignright\" src=\"http:\/\/tausendfuessler-obertshausen.de\/wp-content\/uploads\/2018\/10\/image_13-e1540562578456-300x70.jpg\" alt=\"\" width=\"300\" height=\"70\" srcset=\"https:\/\/tausendfuessler-obertshausen.de\/wp-content\/uploads\/2018\/10\/image_13-e1540562578456-300x70.jpg 300w, https:\/\/tausendfuessler-obertshausen.de\/wp-content\/uploads\/2018\/10\/image_13-e1540562578456-768x179.jpg 768w, https:\/\/tausendfuessler-obertshausen.de\/wp-content\/uploads\/2018\/10\/image_13-e1540562578456.jpg 900w\" sizes=\"auto, (max-width: 300px) 85vw, 300px\" \/><\/p>\n<p>Elternberatung will Eltern helfen kompetent und mit Selbstvertrauen erzieherische Probleme zu l\u00f6sen.<\/p>\n<p>Sie suchen Rat und Hilfe oder brauche Austausch und Information? Bitte nehmen Sie Kontakt mit uns auf.<\/p>\n<p><span style=\"text-decoration: underline;\"><strong>Kontakt:<\/strong><\/span><br \/>\n<strong>E-Mail:<\/strong> <a href=\"mailto:info@tausendfuessler-obertshausen.de\">verwaltung@tausendfuessler-obertshausen.de<\/a><\/p>\n","protected":false},"excerpt":{"rendered":"<p>Unterst\u00fctzung in Fragen rund um die ersten Lebensjahre des Kindes Manchmal f\u00fchlen sich Eltern \u00fcberfordert, bei den Aufgaben der Pflege und Erziehung ihrer Kinder immer angemessen und vorbildlich zu handeln. Manches Verhalten der Kinder erscheint ihnen unerkl\u00e4rlich, r\u00e4tselhaft, unangepasst, anstrengend und aufreibend. Die Ursachen kindlichen Verhaltens k\u00f6nnen so vielf\u00e4ltiger Art sein, dass ein Blick auf &hellip; <a href=\"https:\/\/tausendfuessler-obertshausen.de\/?page_id=16\" class=\"more-link\"><span class=\"screen-reader-text\">\u201eElternberatung\u201c<\/span> weiterlesen<\/a><\/p>\n","protected":false},"author":5,"featured_media":0,"parent":14,"menu_order":1,"comment_status":"closed","ping_status":"closed","template":"","meta":{"footnotes":""},"class_list":["post-16","page","type-page","status-publish","hentry"],"_links":{"self":[{"href":"https:\/\/tausendfuessler-obertshausen.de\/index.php?rest_route=\/wp\/v2\/pages\/16","targetHints":{"allow":["GET"]}}],"collection":[{"href":"https:\/\/tausendfuessler-obertshausen.de\/index.php?rest_route=\/wp\/v2\/pages"}],"about":[{"href":"https:\/\/tausendfuessler-obertshausen.de\/index.php?rest_route=\/wp\/v2\/types\/page"}],"author":[{"embeddable":true,"href":"https:\/\/tausendfuessler-obertshausen.de\/index.php?rest_route=\/wp\/v2\/users\/5"}],"replies":[{"embeddable":true,"href":"https:\/\/tausendfuessler-obertshausen.de\/index.php?rest_route=%2Fwp%2Fv2%2Fcomments&post=16"}],"version-history":[{"count":18,"href":"https:\/\/tausendfuessler-obertshausen.de\/index.php?rest_route=\/wp\/v2\/pages\/16\/revisions"}],"predecessor-version":[{"id":1436,"href":"https:\/\/tausendfuessler-obertshausen.de\/index.php?rest_route=\/wp\/v2\/pages\/16\/revisions\/1436"}],"up":[{"embeddable":true,"href":"https:\/\/tausendfuessler-obertshausen.de\/index.php?rest_route=\/wp\/v2\/pages\/14"}],"wp:attachment":[{"href":"https:\/\/tausendfuessler-obertshausen.de\/index.php?rest_route=%2Fwp%2Fv2%2Fmedia&parent=16"}],"curies":[{"name":"wp","href":"https:\/\/api.w.org\/{rel}","templated":true}]}}