{"id":1295,"date":"2023-09-13T11:18:19","date_gmt":"2023-09-13T10:18:19","guid":{"rendered":"https:\/\/tausendfuessler-obertshausen.de\/?page_id=1295"},"modified":"2025-03-27T10:47:46","modified_gmt":"2025-03-27T09:47:46","slug":"frei-raum","status":"publish","type":"page","link":"https:\/\/tausendfuessler-obertshausen.de\/?page_id=1295","title":{"rendered":"Frei-Raum"},"content":{"rendered":"\n<p><\/p>\n\n\n\n<p>Leute treffen, quatschen, einen Kaffee und ein Fr\u00fchst\u00fccksbr\u00f6tchen genie\u00dfen, kreativ sein, einfach da sein, mitmachen!<\/p>\n\n\n\n<p>Kaffee und Br\u00f6tchen gibt es gegen einen Spendenbeitrag<br><br>Wann: <br>jeden Donnerstag, 10:00 bis 12:30 Uhr<\/p>\n\n\n\n<p>Ort: Offenes Wohnzimmer im Familienzentrum, Vogelsbergstr. 8, Obertshausen<\/p>\n\n\n\n<p>Informationen vorab: info@tausendfuessler-obertshausen.de<\/p>\n","protected":false},"excerpt":{"rendered":"<p>Leute treffen, quatschen, einen Kaffee und ein Fr\u00fchst\u00fccksbr\u00f6tchen genie\u00dfen, kreativ sein, einfach da sein, mitmachen! Kaffee und Br\u00f6tchen gibt es gegen einen Spendenbeitrag Wann: jeden Donnerstag, 10:00 bis 12:30 Uhr Ort: Offenes Wohnzimmer im Familienzentrum, Vogelsbergstr. 8, Obertshausen Informationen vorab: info@tausendfuessler-obertshausen.de<\/p>\n","protected":false},"author":2,"featured_media":0,"parent":50,"menu_order":0,"comment_status":"closed","ping_status":"closed","template":"","meta":{"footnotes":""},"class_list":["post-1295","page","type-page","status-publish","hentry"],"_links":{"self":[{"href":"https:\/\/tausendfuessler-obertshausen.de\/index.php?rest_route=\/wp\/v2\/pages\/1295","targetHints":{"allow":["GET"]}}],"collection":[{"href":"https:\/\/tausendfuessler-obertshausen.de\/index.php?rest_route=\/wp\/v2\/pages"}],"about":[{"href":"https:\/\/tausendfuessler-obertshausen.de\/index.php?rest_route=\/wp\/v2\/types\/page"}],"author":[{"embeddable":true,"href":"https:\/\/tausendfuessler-obertshausen.de\/index.php?rest_route=\/wp\/v2\/users\/2"}],"replies":[{"embeddable":true,"href":"https:\/\/tausendfuessler-obertshausen.de\/index.php?rest_route=%2Fwp%2Fv2%2Fcomments&post=1295"}],"version-history":[{"count":10,"href":"https:\/\/tausendfuessler-obertshausen.de\/index.php?rest_route=\/wp\/v2\/pages\/1295\/revisions"}],"predecessor-version":[{"id":1464,"href":"https:\/\/tausendfuessler-obertshausen.de\/index.php?rest_route=\/wp\/v2\/pages\/1295\/revisions\/1464"}],"up":[{"embeddable":true,"href":"https:\/\/tausendfuessler-obertshausen.de\/index.php?rest_route=\/wp\/v2\/pages\/50"}],"wp:attachment":[{"href":"https:\/\/tausendfuessler-obertshausen.de\/index.php?rest_route=%2Fwp%2Fv2%2Fmedia&parent=1295"}],"curies":[{"name":"wp","href":"https:\/\/api.w.org\/{rel}","templated":true}]}}